{"id":989492,"date":"2025-07-21T13:26:54","date_gmt":"2025-07-21T11:26:54","guid":{"rendered":"https:\/\/mpmedia.at\/franziskaner\/?page_id=989492"},"modified":"2026-02-09T11:03:03","modified_gmt":"2026-02-09T10:03:03","slug":"portfolio","status":"publish","type":"page","link":"https:\/\/www.fwamstetten.ac.at\/pwa\/portfolio\/","title":{"rendered":"Portfolio"},"content":{"rendered":"\t\t<div data-elementor-type=\"wp-page\" data-elementor-id=\"989492\" class=\"elementor elementor-989492\" data-elementor-post-type=\"page\">\n\t\t\t\t\t\t<section data-particle_enable=\"false\" data-particle-mobile-disabled=\"false\" class=\"elementor-section elementor-top-section elementor-element elementor-element-85d265d elementor-section-boxed elementor-section-height-default elementor-section-height-default\" data-id=\"85d265d\" data-element_type=\"section\" data-settings=\"{&quot;background_background&quot;:&quot;classic&quot;,&quot;_ha_eqh_enable&quot;:false}\">\n\t\t\t\t\t\t<div class=\"elementor-container elementor-column-gap-default\">\n\t\t\t\t\t<div class=\"elementor-column elementor-col-100 elementor-top-column elementor-element elementor-element-b55aec6\" data-id=\"b55aec6\" data-element_type=\"column\">\n\t\t\t<div class=\"elementor-widget-wrap elementor-element-populated\">\n\t\t\t\t\t\t<div class=\"elementor-element elementor-element-3b94061 elementor-widget elementor-widget-spacer\" data-id=\"3b94061\" data-element_type=\"widget\" data-widget_type=\"spacer.default\">\n\t\t\t\t<div class=\"elementor-widget-container\">\n\t\t\t\t\t\t\t<div class=\"elementor-spacer\">\n\t\t\t<div class=\"elementor-spacer-inner\"><\/div>\n\t\t<\/div>\n\t\t\t\t\t\t<\/div>\n\t\t\t\t<\/div>\n\t\t\t\t\t<\/div>\n\t\t<\/div>\n\t\t\t\t\t<\/div>\n\t\t<\/section>\n\t\t\t\t<section data-particle_enable=\"false\" data-particle-mobile-disabled=\"false\" class=\"elementor-section elementor-top-section elementor-element elementor-element-e26285d elementor-section-boxed elementor-section-height-default elementor-section-height-default\" data-id=\"e26285d\" data-element_type=\"section\" data-settings=\"{&quot;_ha_eqh_enable&quot;:false}\">\n\t\t\t\t\t\t<div class=\"elementor-container elementor-column-gap-default\">\n\t\t\t\t\t<div class=\"elementor-column elementor-col-100 elementor-top-column elementor-element elementor-element-b9bf2b8\" data-id=\"b9bf2b8\" data-element_type=\"column\" data-settings=\"{&quot;background_background&quot;:&quot;classic&quot;}\">\n\t\t\t<div class=\"elementor-widget-wrap elementor-element-populated\">\n\t\t\t\t\t\t<div class=\"elementor-element elementor-element-1cb2b48 elementor-widget-mobile__width-inherit elementor-widget elementor-widget-heading\" data-id=\"1cb2b48\" data-element_type=\"widget\" data-settings=\"{&quot;_animation&quot;:&quot;none&quot;,&quot;_animation_tablet&quot;:&quot;none&quot;,&quot;_animation_mobile&quot;:&quot;none&quot;,&quot;motion_fx_motion_fx_scrolling&quot;:&quot;yes&quot;,&quot;motion_fx_translateX_effect&quot;:&quot;yes&quot;,&quot;motion_fx_translateX_direction&quot;:&quot;negative&quot;,&quot;motion_fx_translateX_speed&quot;:{&quot;unit&quot;:&quot;px&quot;,&quot;size&quot;:3,&quot;sizes&quot;:[]},&quot;motion_fx_range&quot;:&quot;viewport&quot;,&quot;motion_fx_translateX_affectedRange&quot;:{&quot;unit&quot;:&quot;%&quot;,&quot;size&quot;:&quot;&quot;,&quot;sizes&quot;:{&quot;start&quot;:0,&quot;end&quot;:100}},&quot;motion_fx_devices&quot;:[&quot;desktop&quot;,&quot;tablet&quot;,&quot;mobile&quot;]}\" data-widget_type=\"heading.default\">\n\t\t\t\t<div class=\"elementor-widget-container\">\n\t\t\t\t\t<h2 class=\"elementor-heading-title elementor-size-default\">Kreativit\u00e4t, die bewegt.<\/h2>\t\t\t\t<\/div>\n\t\t\t\t<\/div>\n\t\t\t\t<div class=\"elementor-element elementor-element-2c08631 elementor-widget elementor-widget-text-editor\" data-id=\"2c08631\" data-element_type=\"widget\" data-widget_type=\"text-editor.default\">\n\t\t\t\t<div class=\"elementor-widget-container\">\n\t\t\t\t\t\t\t\t\t<p>In unseren Projekten zeigen Sch\u00fcler:innen, was passiert, wenn Ideen, Herz und Mut zusammenkommen. Ob Kunst, Technik, soziales Engagement oder Umweltprojekte \u2013 hier wird <i><b>Creativity<\/b><\/i> lebendig. Du kannst Neues ausprobieren, deine Talente entfalten und gemeinsam mit anderen etwas schaffen, das wirklich z\u00e4hlt.<\/p>\t\t\t\t\t\t\t\t<\/div>\n\t\t\t\t<\/div>\n\t\t\t\t\t<\/div>\n\t\t<\/div>\n\t\t\t\t\t<\/div>\n\t\t<\/section>\n\t\t\t\t<section data-particle_enable=\"false\" data-particle-mobile-disabled=\"false\" class=\"elementor-section elementor-top-section elementor-element elementor-element-742ff6e elementor-section-boxed elementor-section-height-default elementor-section-height-default\" data-id=\"742ff6e\" data-element_type=\"section\" data-settings=\"{&quot;_ha_eqh_enable&quot;:false}\">\n\t\t\t\t\t\t<div class=\"elementor-container elementor-column-gap-default\">\n\t\t\t\t\t<div class=\"elementor-column elementor-col-100 elementor-top-column elementor-element elementor-element-3681603\" data-id=\"3681603\" data-element_type=\"column\" data-settings=\"{&quot;background_background&quot;:&quot;classic&quot;}\">\n\t\t\t<div class=\"elementor-widget-wrap elementor-element-populated\">\n\t\t\t\t\t\t<div class=\"elementor-element elementor-element-cafcba3 elementor-widget elementor-widget-taxonomy-filter\" data-id=\"cafcba3\" data-element_type=\"widget\" data-settings=\"{&quot;selected_element&quot;:&quot;01801a8&quot;,&quot;taxonomy&quot;:&quot;category&quot;,&quot;item_alignment_horizontal&quot;:&quot;start&quot;,&quot;multiple_selection&quot;:&quot;no&quot;,&quot;horizontal_scroll&quot;:&quot;disable&quot;}\" data-widget_type=\"taxonomy-filter.default\">\n\t\t\t\t<div class=\"elementor-widget-container\">\n\t\t\t\t\t\t\t<search class=\"e-filter\" role=\"search\" data-base-url=\"https:\/\/www.fwamstetten.ac.at\/pwa\/\" data-page-num=\"1\">\n\t\t\t\t\t\t\t<button class=\"e-filter-item\" data-filter=\"fotografie\" aria-pressed=\"false\">Fotografie<\/button>\n\t\t\t\n\t\t\t\t\t\t\t\t\t<button class=\"e-filter-item\" data-filter=\"__all\" aria-pressed=\"true\">\n\t\t\t\tAlle\t\t\t<\/button>\n\t\t\t\t\t<\/search>\n\t\t\t\t\t\t<\/div>\n\t\t\t\t<\/div>\n\t\t\t\t<div class=\"elementor-element elementor-element-01801a8 elementor-grid-2 elementor-grid-tablet-2 elementor-grid-mobile-1 elementor-widget elementor-widget-loop-grid\" data-id=\"01801a8\" data-element_type=\"widget\" data-settings=\"{&quot;template_id&quot;:&quot;989354&quot;,&quot;columns&quot;:2,&quot;masonry&quot;:&quot;yes&quot;,&quot;_skin&quot;:&quot;post&quot;,&quot;columns_tablet&quot;:&quot;2&quot;,&quot;columns_mobile&quot;:&quot;1&quot;,&quot;edit_handle_selector&quot;:&quot;[data-elementor-type=\\&quot;loop-item\\&quot;]&quot;,&quot;row_gap&quot;:{&quot;unit&quot;:&quot;px&quot;,&quot;size&quot;:&quot;&quot;,&quot;sizes&quot;:[]},&quot;row_gap_tablet&quot;:{&quot;unit&quot;:&quot;px&quot;,&quot;size&quot;:&quot;&quot;,&quot;sizes&quot;:[]},&quot;row_gap_mobile&quot;:{&quot;unit&quot;:&quot;px&quot;,&quot;size&quot;:&quot;&quot;,&quot;sizes&quot;:[]}}\" data-widget_type=\"loop-grid.post\">\n\t\t\t\t<div class=\"elementor-widget-container\">\n\t\t\t\t\t\t\t<div class=\"elementor-loop-container elementor-grid\">\n\t\t<style id=\"loop-989354\">.elementor-989354 .elementor-element.elementor-element-5ff4be4{--display:flex;--flex-direction:column;--container-widget-width:100%;--container-widget-height:initial;--container-widget-flex-grow:0;--container-widget-align-self:initial;--flex-wrap-mobile:wrap;--gap:0px 0px;--row-gap:0px;--column-gap:0px;}.elementor-989354 .elementor-element.elementor-element-49b4bd3{text-align:center;}.elementor-989354 .elementor-element.elementor-element-49b4bd3:hover img{filter:brightness( 100% ) contrast( 100% ) saturate( 0% ) blur( 0px ) hue-rotate( 0deg );}.elementor-989354 .elementor-element.elementor-element-49b4bd3 img{transition-duration:0.5s;border-radius:20px 20px 20px 20px;}.elementor-989354 .elementor-element.elementor-element-6108d97{--spacer-size:20px;}.elementor-989354 .elementor-element.elementor-element-b00b13e{text-align:left;}.elementor-989354 .elementor-element.elementor-element-b00b13e .elementor-heading-title{font-family:\"Work Sans\", Sans-serif;font-size:28px;font-weight:400;line-height:1.2em;color:var( --e-global-color-vamtam_accent_6 );}.elementor-989354 .elementor-element.elementor-element-b00b13e .elementor-heading-title a:hover, .elementor-989354 .elementor-element.elementor-element-b00b13e .elementor-heading-title a:focus{color:var( --e-global-color-82a6b92 );}.elementor-989354 .elementor-element.elementor-element-87494fe{--spacer-size:60px;}<\/style>\t\t<div data-elementor-type=\"loop-item\" data-elementor-id=\"989354\" class=\"elementor elementor-989354 e-loop-item e-loop-item-992521 post-992521 post type-post status-publish format-standard has-post-thumbnail hentry category-aktuelles category-fotografie\" data-elementor-post-type=\"elementor_library\" data-custom-edit-handle=\"1\">\n\t\t\t<div data-particle_enable=\"false\" data-particle-mobile-disabled=\"false\" class=\"elementor-element elementor-element-5ff4be4 e-flex e-con-boxed elementor-invisible e-con e-parent\" data-id=\"5ff4be4\" data-element_type=\"container\" data-settings=\"{&quot;animation&quot;:&quot;fadeInUp&quot;,&quot;animation_delay&quot;:200,&quot;_ha_eqh_enable&quot;:false}\">\n\t\t\t\t\t<div class=\"e-con-inner\">\n\t\t\t\t<div class=\"elementor-element elementor-element-49b4bd3 elementor-invisible elementor-widget elementor-widget-image\" data-id=\"49b4bd3\" data-element_type=\"widget\" data-settings=\"{&quot;_animation&quot;:&quot;imageGrowWithScaleBottom&quot;}\" data-widget_type=\"image.default\">\n\t\t\t\t<div class=\"elementor-widget-container\">\n\t\t\t\t\t\t\t\t\t<div class=\"elementor-image\">\n\t\t\t\t\t\t\t\t\t\t\t<div class=\"vamtam-image-wrapper\">\n\t\t\t\t\t\t\t\t\t\t\t\t\t\t\t\t\t\t\t\t\t\t<a href=\"https:\/\/www.fwamstetten.ac.at\/pwa\/fotoausstellung-die-last-der-stille\/\">\n\t\t\t\t\t\t\t\t\t\t\t<img fetchpriority=\"high\" decoding=\"async\" width=\"1260\" height=\"1782\" src=\"https:\/\/www.fwamstetten.ac.at\/pwa\/wp-content\/uploads\/2026\/01\/PLAKAT_FINAL_LAST_STILLE-scaled.webp\" class=\"attachment-large size-large wp-image-992522 not-transparent\" alt=\"\" srcset=\"https:\/\/www.fwamstetten.ac.at\/pwa\/wp-content\/uploads\/2026\/01\/PLAKAT_FINAL_LAST_STILLE-scaled.webp 1810w, https:\/\/www.fwamstetten.ac.at\/pwa\/wp-content\/uploads\/2026\/01\/PLAKAT_FINAL_LAST_STILLE-1358x1920.webp 1358w, https:\/\/www.fwamstetten.ac.at\/pwa\/wp-content\/uploads\/2026\/01\/PLAKAT_FINAL_LAST_STILLE-768x1086.webp 768w\" sizes=\"(max-width: 1260px) 100vw, 1260px\" data-has-transparency=\"false\" data-dominant-color=\"a3a29f\" style=\"--dominant-color: #a3a29f;\" \/>\t\t\t\t\t\t\t\t\t\t\t\t<\/a>\n\t\t\t\t\t\t\t\t\t\t\t\t\t\t\t\t\t\t\t\t\t\t\t\t\t\t<\/div>\n\t\t\t\t\t\t\t\t\t<\/div>\n\t\t\t\t\t\t\t\t<\/div>\n\t\t\t\t<\/div>\n\t\t\t\t<div class=\"elementor-element elementor-element-6108d97 elementor-widget elementor-widget-spacer\" data-id=\"6108d97\" data-element_type=\"widget\" data-widget_type=\"spacer.default\">\n\t\t\t\t<div class=\"elementor-widget-container\">\n\t\t\t\t\t\t\t<div class=\"elementor-spacer\">\n\t\t\t<div class=\"elementor-spacer-inner\"><\/div>\n\t\t<\/div>\n\t\t\t\t\t\t<\/div>\n\t\t\t\t<\/div>\n\t\t\t\t<div class=\"elementor-element elementor-element-b00b13e elementor-widget elementor-widget-theme-post-title elementor-page-title elementor-widget-heading\" data-id=\"b00b13e\" data-element_type=\"widget\" data-widget_type=\"theme-post-title.default\">\n\t\t\t\t<div class=\"elementor-widget-container\">\n\t\t\t\t\t<h1 class=\"elementor-heading-title elementor-size-default\"><a href=\"https:\/\/www.fwamstetten.ac.at\/pwa\/fotoausstellung-die-last-der-stille\/\">Fotoausstellung &#8211; &#8222;Die Last der Stille&#8220;<\/a><\/h1>\t\t\t\t<\/div>\n\t\t\t\t<\/div>\n\t\t\t\t<div class=\"elementor-element elementor-element-87494fe elementor-widget elementor-widget-spacer\" data-id=\"87494fe\" data-element_type=\"widget\" data-widget_type=\"spacer.default\">\n\t\t\t\t<div class=\"elementor-widget-container\">\n\t\t\t\t\t\t\t<div class=\"elementor-spacer\">\n\t\t\t<div class=\"elementor-spacer-inner\"><\/div>\n\t\t<\/div>\n\t\t\t\t\t\t<\/div>\n\t\t\t\t<\/div>\n\t\t\t\t\t<\/div>\n\t\t\t\t<\/div>\n\t\t\t\t<\/div>\n\t\t\t\t<\/div>\n\t\t\n\t\t\t\t\t\t<\/div>\n\t\t\t\t<\/div>\n\t\t\t\t<div class=\"elementor-element elementor-element-e72be79 elementor-widget elementor-widget-spacer\" data-id=\"e72be79\" data-element_type=\"widget\" data-widget_type=\"spacer.default\">\n\t\t\t\t<div class=\"elementor-widget-container\">\n\t\t\t\t\t\t\t<div class=\"elementor-spacer\">\n\t\t\t<div class=\"elementor-spacer-inner\"><\/div>\n\t\t<\/div>\n\t\t\t\t\t\t<\/div>\n\t\t\t\t<\/div>\n\t\t\t\t<div class=\"elementor-element elementor-element-e24595a elementor-widget-mobile__width-inherit elementor-widget elementor-widget-heading\" data-id=\"e24595a\" data-element_type=\"widget\" data-settings=\"{&quot;_animation&quot;:&quot;none&quot;,&quot;_animation_tablet&quot;:&quot;none&quot;,&quot;_animation_mobile&quot;:&quot;none&quot;}\" data-widget_type=\"heading.default\">\n\t\t\t\t<div class=\"elementor-widget-container\">\n\t\t\t\t\t<h2 class=\"elementor-heading-title elementor-size-default\">In K\u00fcrze finden Sie hier Projekte unserer Sch\u00fcler:innen.<\/h2>\t\t\t\t<\/div>\n\t\t\t\t<\/div>\n\t\t\t\t\t<\/div>\n\t\t<\/div>\n\t\t\t\t\t<\/div>\n\t\t<\/section>\n\t\t\t\t<\/div>\n\t\t","protected":false},"excerpt":{"rendered":"<p>Kreativit\u00e4t, die bewegt. In unseren Projekten zeigen Sch\u00fcler:innen, was passiert, wenn Ideen, Herz und Mut zusammenkommen. Ob Kunst, Technik, soziales Engagement oder Umweltprojekte \u2013 hier wird Creativity lebendig. Du kannst Neues ausprobieren, deine Talente entfalten und gemeinsam mit anderen etwas schaffen, das wirklich z\u00e4hlt. Fotografie Alle In K\u00fcrze finden Sie hier Projekte unserer Sch\u00fcler:innen.<\/p>\n","protected":false},"author":1,"featured_media":0,"parent":0,"menu_order":0,"comment_status":"closed","ping_status":"closed","template":"","meta":{"footnotes":""},"class_list":["post-989492","page","type-page","status-publish","hentry"],"yoast_head":"<!-- This site is optimized with the Yoast SEO plugin v26.9 - https:\/\/yoast.com\/product\/yoast-seo-wordpress\/ -->\n<title>Portfolio - Wirtschaftsschulen Franziskaner Amstetten<\/title>\n<meta name=\"robots\" content=\"index, follow, max-snippet:-1, max-image-preview:large, max-video-preview:-1\" \/>\n<link rel=\"canonical\" href=\"https:\/\/www.fwamstetten.ac.at\/pwa\/portfolio\/\" \/>\n<meta property=\"og:locale\" content=\"de_DE\" \/>\n<meta property=\"og:type\" content=\"article\" \/>\n<meta property=\"og:title\" content=\"Portfolio - Wirtschaftsschulen Franziskaner Amstetten\" \/>\n<meta property=\"og:description\" content=\"Kreativit\u00e4t, die bewegt. In unseren Projekten zeigen Sch\u00fcler:innen, was passiert, wenn Ideen, Herz und Mut zusammenkommen. Ob Kunst, Technik, soziales Engagement oder Umweltprojekte \u2013 hier wird Creativity lebendig. Du kannst Neues ausprobieren, deine Talente entfalten und gemeinsam mit anderen etwas schaffen, das wirklich z\u00e4hlt. Fotografie Alle In K\u00fcrze finden Sie hier Projekte unserer Sch\u00fcler:innen.\" \/>\n<meta property=\"og:url\" content=\"https:\/\/www.fwamstetten.ac.at\/pwa\/portfolio\/\" \/>\n<meta property=\"og:site_name\" content=\"Wirtschaftsschulen Franziskaner Amstetten\" \/>\n<meta property=\"article:modified_time\" content=\"2026-02-09T10:03:03+00:00\" \/>\n<meta name=\"twitter:card\" content=\"summary_large_image\" \/>\n<meta name=\"twitter:label1\" content=\"Gesch\u00e4tzte Lesezeit\" \/>\n\t<meta name=\"twitter:data1\" content=\"1\u00a0Minute\" \/>\n<script type=\"application\/ld+json\" class=\"yoast-schema-graph\">{\"@context\":\"https:\/\/schema.org\",\"@graph\":[{\"@type\":\"WebPage\",\"@id\":\"https:\/\/www.fwamstetten.ac.at\/pwa\/portfolio\/\",\"url\":\"https:\/\/www.fwamstetten.ac.at\/pwa\/portfolio\/\",\"name\":\"Portfolio - Wirtschaftsschulen Franziskaner Amstetten\",\"isPartOf\":{\"@id\":\"https:\/\/www.fwamstetten.ac.at\/pwa\/#website\"},\"datePublished\":\"2025-07-21T11:26:54+00:00\",\"dateModified\":\"2026-02-09T10:03:03+00:00\",\"breadcrumb\":{\"@id\":\"https:\/\/www.fwamstetten.ac.at\/pwa\/portfolio\/#breadcrumb\"},\"inLanguage\":\"de\",\"potentialAction\":[{\"@type\":\"ReadAction\",\"target\":[\"https:\/\/www.fwamstetten.ac.at\/pwa\/portfolio\/\"]}]},{\"@type\":\"BreadcrumbList\",\"@id\":\"https:\/\/www.fwamstetten.ac.at\/pwa\/portfolio\/#breadcrumb\",\"itemListElement\":[{\"@type\":\"ListItem\",\"position\":1,\"name\":\"Home\",\"item\":\"https:\/\/www.fwamstetten.ac.at\/pwa\/\"},{\"@type\":\"ListItem\",\"position\":2,\"name\":\"Portfolio\"}]},{\"@type\":\"WebSite\",\"@id\":\"https:\/\/www.fwamstetten.ac.at\/pwa\/#website\",\"url\":\"https:\/\/www.fwamstetten.ac.at\/pwa\/\",\"name\":\"Wirtschaftsschulen Franziskaner Amstetten\",\"description\":\"Wir schaffen Perspektiven\",\"publisher\":{\"@id\":\"https:\/\/www.fwamstetten.ac.at\/pwa\/#organization\"},\"potentialAction\":[{\"@type\":\"SearchAction\",\"target\":{\"@type\":\"EntryPoint\",\"urlTemplate\":\"https:\/\/www.fwamstetten.ac.at\/pwa\/?s={search_term_string}\"},\"query-input\":{\"@type\":\"PropertyValueSpecification\",\"valueRequired\":true,\"valueName\":\"search_term_string\"}}],\"inLanguage\":\"de\"},{\"@type\":\"Organization\",\"@id\":\"https:\/\/www.fwamstetten.ac.at\/pwa\/#organization\",\"name\":\"Wirtschaftsschulen Franziskaner Amstetten\",\"url\":\"https:\/\/www.fwamstetten.ac.at\/pwa\/\",\"logo\":{\"@type\":\"ImageObject\",\"inLanguage\":\"de\",\"@id\":\"https:\/\/www.fwamstetten.ac.at\/pwa\/#\/schema\/logo\/image\/\",\"url\":\"https:\/\/www.fwamstetten.ac.at\/pwa\/wp-content\/uploads\/2020\/02\/Logo_Private_Wirtschaftsschulen_Amstetten_Final.png\",\"contentUrl\":\"https:\/\/www.fwamstetten.ac.at\/pwa\/wp-content\/uploads\/2020\/02\/Logo_Private_Wirtschaftsschulen_Amstetten_Final.png\",\"width\":1342,\"height\":550,\"caption\":\"Wirtschaftsschulen Franziskaner Amstetten\"},\"image\":{\"@id\":\"https:\/\/www.fwamstetten.ac.at\/pwa\/#\/schema\/logo\/image\/\"}}]}<\/script>\n<!-- \/ Yoast SEO plugin. -->","yoast_head_json":{"title":"Portfolio - Wirtschaftsschulen Franziskaner Amstetten","robots":{"index":"index","follow":"follow","max-snippet":"max-snippet:-1","max-image-preview":"max-image-preview:large","max-video-preview":"max-video-preview:-1"},"canonical":"https:\/\/www.fwamstetten.ac.at\/pwa\/portfolio\/","og_locale":"de_DE","og_type":"article","og_title":"Portfolio - Wirtschaftsschulen Franziskaner Amstetten","og_description":"Kreativit\u00e4t, die bewegt. In unseren Projekten zeigen Sch\u00fcler:innen, was passiert, wenn Ideen, Herz und Mut zusammenkommen. Ob Kunst, Technik, soziales Engagement oder Umweltprojekte \u2013 hier wird Creativity lebendig. Du kannst Neues ausprobieren, deine Talente entfalten und gemeinsam mit anderen etwas schaffen, das wirklich z\u00e4hlt. Fotografie Alle In K\u00fcrze finden Sie hier Projekte unserer Sch\u00fcler:innen.","og_url":"https:\/\/www.fwamstetten.ac.at\/pwa\/portfolio\/","og_site_name":"Wirtschaftsschulen Franziskaner Amstetten","article_modified_time":"2026-02-09T10:03:03+00:00","twitter_card":"summary_large_image","twitter_misc":{"Gesch\u00e4tzte Lesezeit":"1\u00a0Minute"},"schema":{"@context":"https:\/\/schema.org","@graph":[{"@type":"WebPage","@id":"https:\/\/www.fwamstetten.ac.at\/pwa\/portfolio\/","url":"https:\/\/www.fwamstetten.ac.at\/pwa\/portfolio\/","name":"Portfolio - Wirtschaftsschulen Franziskaner Amstetten","isPartOf":{"@id":"https:\/\/www.fwamstetten.ac.at\/pwa\/#website"},"datePublished":"2025-07-21T11:26:54+00:00","dateModified":"2026-02-09T10:03:03+00:00","breadcrumb":{"@id":"https:\/\/www.fwamstetten.ac.at\/pwa\/portfolio\/#breadcrumb"},"inLanguage":"de","potentialAction":[{"@type":"ReadAction","target":["https:\/\/www.fwamstetten.ac.at\/pwa\/portfolio\/"]}]},{"@type":"BreadcrumbList","@id":"https:\/\/www.fwamstetten.ac.at\/pwa\/portfolio\/#breadcrumb","itemListElement":[{"@type":"ListItem","position":1,"name":"Home","item":"https:\/\/www.fwamstetten.ac.at\/pwa\/"},{"@type":"ListItem","position":2,"name":"Portfolio"}]},{"@type":"WebSite","@id":"https:\/\/www.fwamstetten.ac.at\/pwa\/#website","url":"https:\/\/www.fwamstetten.ac.at\/pwa\/","name":"Wirtschaftsschulen Franziskaner Amstetten","description":"Wir schaffen Perspektiven","publisher":{"@id":"https:\/\/www.fwamstetten.ac.at\/pwa\/#organization"},"potentialAction":[{"@type":"SearchAction","target":{"@type":"EntryPoint","urlTemplate":"https:\/\/www.fwamstetten.ac.at\/pwa\/?s={search_term_string}"},"query-input":{"@type":"PropertyValueSpecification","valueRequired":true,"valueName":"search_term_string"}}],"inLanguage":"de"},{"@type":"Organization","@id":"https:\/\/www.fwamstetten.ac.at\/pwa\/#organization","name":"Wirtschaftsschulen Franziskaner Amstetten","url":"https:\/\/www.fwamstetten.ac.at\/pwa\/","logo":{"@type":"ImageObject","inLanguage":"de","@id":"https:\/\/www.fwamstetten.ac.at\/pwa\/#\/schema\/logo\/image\/","url":"https:\/\/www.fwamstetten.ac.at\/pwa\/wp-content\/uploads\/2020\/02\/Logo_Private_Wirtschaftsschulen_Amstetten_Final.png","contentUrl":"https:\/\/www.fwamstetten.ac.at\/pwa\/wp-content\/uploads\/2020\/02\/Logo_Private_Wirtschaftsschulen_Amstetten_Final.png","width":1342,"height":550,"caption":"Wirtschaftsschulen Franziskaner Amstetten"},"image":{"@id":"https:\/\/www.fwamstetten.ac.at\/pwa\/#\/schema\/logo\/image\/"}}]}},"_links":{"self":[{"href":"https:\/\/www.fwamstetten.ac.at\/pwa\/wp-json\/wp\/v2\/pages\/989492","targetHints":{"allow":["GET"]}}],"collection":[{"href":"https:\/\/www.fwamstetten.ac.at\/pwa\/wp-json\/wp\/v2\/pages"}],"about":[{"href":"https:\/\/www.fwamstetten.ac.at\/pwa\/wp-json\/wp\/v2\/types\/page"}],"author":[{"embeddable":true,"href":"https:\/\/www.fwamstetten.ac.at\/pwa\/wp-json\/wp\/v2\/users\/1"}],"replies":[{"embeddable":true,"href":"https:\/\/www.fwamstetten.ac.at\/pwa\/wp-json\/wp\/v2\/comments?post=989492"}],"version-history":[{"count":79,"href":"https:\/\/www.fwamstetten.ac.at\/pwa\/wp-json\/wp\/v2\/pages\/989492\/revisions"}],"predecessor-version":[{"id":992652,"href":"https:\/\/www.fwamstetten.ac.at\/pwa\/wp-json\/wp\/v2\/pages\/989492\/revisions\/992652"}],"wp:attachment":[{"href":"https:\/\/www.fwamstetten.ac.at\/pwa\/wp-json\/wp\/v2\/media?parent=989492"}],"curies":[{"name":"wp","href":"https:\/\/api.w.org\/{rel}","templated":true}]}}